{"id":62,"date":"2024-11-04T14:33:26","date_gmt":"2024-11-04T13:33:26","guid":{"rendered":"http:\/\/nessxpress.de\/?page_id=62"},"modified":"2026-02-20T15:24:27","modified_gmt":"2026-02-20T14:24:27","slug":"impressum","status":"publish","type":"page","link":"http:\/\/nessxpress.de\/index.php\/impressum\/","title":{"rendered":"Impressum und Urheberrechte"},"content":{"rendered":"\n<p class=\"has-text-align-right\">Wer wir sind und, wenn ja, wie viele \u2026<\/p>\n\n\n\n<p><strong>Kontaktdaten und Informationen zu Verantwortlichen<\/strong> des Blogs: Der Blog unter <a href=\"http:\/\/nessxpress.de\/index.php\" data-type=\"page\" data-id=\"62\">nessxpress.de<\/a> sowie die Gesamtausgabe als PDF auf der Seite der Rupert-Ness-Schulen: Gymnasium und Realschule ist eine Sch\u00fclerinnen- und Sch\u00fclerzeitung, die im Rahmen des Wahlfachs Sch\u00fclerzeitung entsteht.<\/p>\n\n\n\n<h2 class=\"wp-block-heading\">Verantwortliche:<\/h2>\n\n\n\n<p>Die <strong>Gesamtverantwortung<\/strong> liegt dementsprechend bei der Schulleitung von Realschule und Gymnasium:<\/p>\n\n\n\n<ul class=\"wp-block-list\">\n<li>Realschule: Herr G. Frank, RSD<\/li>\n\n\n\n<li>Gymnasium: Frau Ch. Rodehack, OStDin<\/li>\n<\/ul>\n\n\n\n<h2 class=\"wp-block-heading\">Postadresse:<\/h2>\n\n\n\n<p>Rupert-Ness-Gymnasium-und-Realschule-Ottobeuren<br>Bergstra\u00dfe 80<br>87724 Ottobeuren<\/p>\n\n\n\n<p>S\u00e4mtliche Artikel unterliegen entsprechend der Regelungen zu gedruckten Sch\u00fclerzeitungen BayEUG Art. 63. Absatz 1-5<sup data-fn=\"316866dc-b381-40a7-8531-a49e2660fc33\" class=\"fn\"><a href=\"#316866dc-b381-40a7-8531-a49e2660fc33\" id=\"316866dc-b381-40a7-8531-a49e2660fc33-link\">1<\/a><\/sup>. Insbesondere werden die Artikel vor Ver\u00f6ffentlichung der Schulleitung zug\u00e4nglich gemacht.<\/p>\n\n\n\n<h2 class=\"wp-block-heading\">Redaktion:<\/h2>\n\n\n\n<p>Die <strong>Betreuung<\/strong> des Wahlfachs liegt im Schuljahr 2024\/2025\/2026 bei <strong>Benjamin Wech<\/strong>. Direkt erreichbar unter <em>nessxpress<\/em> <em>at gym-rs-ottobeuren.de<\/em><sup data-fn=\"e2fbc68e-bda1-4a43-9c99-2a20fc3daf3d\" class=\"fn\"><a href=\"#e2fbc68e-bda1-4a43-9c99-2a20fc3daf3d\" id=\"e2fbc68e-bda1-4a43-9c99-2a20fc3daf3d-link\">2<\/a><\/sup> oder <em>wech.benjamin at gym-rs-ottobeuren.de<\/em><\/p>\n\n\n\n<p>Die <strong>Autorinnen und Autoren<\/strong> dieser Sch\u00fclerzeitung sind:<\/p>\n\n\n\n<ul class=\"wp-block-list\">\n<li><s>Anton<\/s><\/li>\n\n\n\n<li>Isabell<\/li>\n\n\n\n<li>Senta<\/li>\n\n\n\n<li>Jasmine<\/li>\n\n\n\n<li><s>Johanna<\/s><\/li>\n\n\n\n<li>L.E.<\/li>\n\n\n\n<li><s>Victoria<\/s><\/li>\n\n\n\n<li>Nada<\/li>\n\n\n\n<li>Simon<\/li>\n\n\n\n<li>Michel<\/li>\n\n\n\n<li>Benjamin<\/li>\n\n\n\n<li>Paul<\/li>\n\n\n\n<li>Eric<\/li>\n\n\n\n<li>Daniel<\/li>\n<\/ul>\n\n\n\n<h2 class=\"wp-block-heading\">Datenschutz:<\/h2>\n\n\n\n<p>Die <strong>Datenschutzbeauftragen<\/strong> von Realschule und Gymnasium sind erreichbar \u00fcber <em>Datenschutz at gym-rs-ottobeuren.de<\/em>.4<sup data-fn=\"39fef96f-4fa2-47cd-b13a-ce9dc80a8255\" class=\"fn\"><a href=\"#39fef96f-4fa2-47cd-b13a-ce9dc80a8255\" id=\"39fef96f-4fa2-47cd-b13a-ce9dc80a8255-link\">3<\/a><\/sup><\/p>\n\n\n\n<h2 class=\"wp-block-heading\">Copyright:<\/h2>\n\n\n\n<p>Die Artikel und Medien stehen in der Regel unter <br><strong>CC-BY-SA 4.0 Lizenz<\/strong>:<sup data-fn=\"05bc6df1-adc2-4ddc-a893-536224af7fee\" class=\"fn\"><a href=\"#05bc6df1-adc2-4ddc-a893-536224af7fee\" id=\"05bc6df1-adc2-4ddc-a893-536224af7fee-link\">4<\/a><\/sup><\/p>\n\n\n\n<ul class=\"wp-block-list\">\n<li>Eine Weiterverwendung bei Nennung der Originalverfasserinnen und -verfasser ist erlaubt.<\/li>\n\n\n\n<li>Eine Bearbeitung und Weiterverbreitung unter gleichen Bedingungen ist erlaubt.<\/li>\n\n\n\n<li>Die \u00dcbernahme im Rahmen wissenschaftlichen oder journalistischen Zitierens ist erlaubt.<\/li>\n<\/ul>\n\n\n\n<p xmlns:cc=\"http:\/\/creativecommons.org\/ns#\" ><a rel=\"cc:attributionURL\" href=\"http:\/\/nessexpress.de\">This work<\/a> is licensed under <a href=\"https:\/\/creativecommons.org\/licenses\/by-sa\/4.0\/?ref=chooser-v1\" target=\"_blank\" rel=\"license noopener noreferrer\" style=\"display:inline-block;\">CC BY-SA 4.0<img decoding=\"async\" style=\"height:22px!important;margin-left:3px;vertical-align:text-bottom;\" src=\"https:\/\/mirrors.creativecommons.org\/presskit\/icons\/cc.svg?ref=chooser-v1\" alt=\"\"><img decoding=\"async\" style=\"height:22px!important;margin-left:3px;vertical-align:text-bottom;\" src=\"https:\/\/mirrors.creativecommons.org\/presskit\/icons\/by.svg?ref=chooser-v1\" alt=\"\"><img decoding=\"async\" style=\"height:22px!important;margin-left:3px;vertical-align:text-bottom;\" src=\"https:\/\/mirrors.creativecommons.org\/presskit\/icons\/sa.svg?ref=chooser-v1\" alt=\"\"><\/a><\/p>\n\n\n\n<p>Alle Medien oder Artikel und Artikelteile, die von einer KI generiert worden sind, sind als solche gekennzeichnet und sind <strong>gemeinfrei.<\/strong><\/p>\n\n\n\n<p>Materialien, die von anderen Seiten \u00fcbernommen worden sind, werden als solches gekennzeichnet. Es gilt dann das Recht und die Regelung des urspr\u00fcnglichen Urhebers.<\/p>\n\n\n\n<hr class=\"wp-block-separator alignwide has-alpha-channel-opacity\"\/>\n\n\n<ol class=\"wp-block-footnotes\"><li id=\"316866dc-b381-40a7-8531-a49e2660fc33\"><a href=\"https:\/\/www.gesetze-bayern.de\/Content\/Document\/BayEUG-63\">BayEUG, Art. 63 Online<\/a> <a href=\"#316866dc-b381-40a7-8531-a49e2660fc33-link\" aria-label=\"Zur Fu\u00dfnotenreferenz 1 navigieren\">\u21a9\ufe0e<\/a><\/li><li id=\"e2fbc68e-bda1-4a43-9c99-2a20fc3daf3d\">Die E-Mail-Adressen m\u00fcssen zur Verwendung angepasst werden: \u201e at \u201c muss jeweils in das Zeichen \u201e@\u201c umgewandelt werden. <a href=\"#e2fbc68e-bda1-4a43-9c99-2a20fc3daf3d-link\" aria-label=\"Zur Fu\u00dfnotenreferenz 2 navigieren\">\u21a9\ufe0e<\/a><\/li><li id=\"39fef96f-4fa2-47cd-b13a-ce9dc80a8255\">Siehe dazu auch <a href=\"http:\/\/nessxpress.de\/index.php\/datenschutzerklaerung\/\" data-type=\"page\" data-id=\"3\">Datenschutzhinweise<\/a> <a href=\"#39fef96f-4fa2-47cd-b13a-ce9dc80a8255-link\" aria-label=\"Zur Fu\u00dfnotenreferenz 3 navigieren\">\u21a9\ufe0e<\/a><\/li><li id=\"05bc6df1-adc2-4ddc-a893-536224af7fee\"><a href=\"https:\/\/creativecommons.org\/licenses\/by-sa\/4.0\/legalcode.de\">Creative Commons CC-BY-SA 4.0<\/a> <a href=\"#05bc6df1-adc2-4ddc-a893-536224af7fee-link\" aria-label=\"Zur Fu\u00dfnotenreferenz 4 navigieren\">\u21a9\ufe0e<\/a><\/li><\/ol>","protected":false},"excerpt":{"rendered":"<p>Wer wir sind und, wenn ja, wie viele \u2026 Kontaktdaten und Informationen zu Verantwortlichen des Blogs: Der Blog unter nessxpress.de sowie die Gesamtausgabe als PDF auf der Seite der Rupert-Ness-Schulen: Gymnasium und Realschule ist eine Sch\u00fclerinnen- und Sch\u00fclerzeitung, die im Rahmen des Wahlfachs Sch\u00fclerzeitung entsteht. Verantwortliche: Die Gesamtverantwortung liegt dementsprechend bei der Schulleitung von Realschule [&hellip;]<\/p>\n","protected":false},"author":1,"featured_media":606,"parent":0,"menu_order":0,"comment_status":"closed","ping_status":"closed","template":"","meta":{"_FSMCFIC_featured_image_caption":"","_FSMCFIC_featured_image_nocaption":"","_FSMCFIC_featured_image_hide":"1","footnotes":"[{\"content\":\"<a href=\\\"https:\/\/www.gesetze-bayern.de\/Content\/Document\/BayEUG-63\\\">BayEUG, Art. 63 Online<\/a>\",\"id\":\"316866dc-b381-40a7-8531-a49e2660fc33\"},{\"content\":\"Die E-Mail-Adressen m\u00fcssen zur Verwendung angepasst werden: \u201e at \u201c muss jeweils in das Zeichen \u201e@\u201c umgewandelt werden.\",\"id\":\"e2fbc68e-bda1-4a43-9c99-2a20fc3daf3d\"},{\"content\":\"Siehe dazu auch <a href=\\\"http:\/\/nessxpress.de\/index.php\/datenschutzerklaerung\/\\\" data-type=\\\"page\\\" data-id=\\\"3\\\">Datenschutzhinweise<\/a>\",\"id\":\"39fef96f-4fa2-47cd-b13a-ce9dc80a8255\"},{\"content\":\"<a href=\\\"https:\/\/creativecommons.org\/licenses\/by-sa\/4.0\/legalcode.de\\\">Creative Commons CC-BY-SA 4.0<\/a>\",\"id\":\"05bc6df1-adc2-4ddc-a893-536224af7fee\"}]"},"class_list":["post-62","page","type-page","status-publish","has-post-thumbnail","hentry"],"_links":{"self":[{"href":"http:\/\/nessxpress.de\/index.php\/wp-json\/wp\/v2\/pages\/62","targetHints":{"allow":["GET"]}}],"collection":[{"href":"http:\/\/nessxpress.de\/index.php\/wp-json\/wp\/v2\/pages"}],"about":[{"href":"http:\/\/nessxpress.de\/index.php\/wp-json\/wp\/v2\/types\/page"}],"author":[{"embeddable":true,"href":"http:\/\/nessxpress.de\/index.php\/wp-json\/wp\/v2\/users\/1"}],"replies":[{"embeddable":true,"href":"http:\/\/nessxpress.de\/index.php\/wp-json\/wp\/v2\/comments?post=62"}],"version-history":[{"count":10,"href":"http:\/\/nessxpress.de\/index.php\/wp-json\/wp\/v2\/pages\/62\/revisions"}],"predecessor-version":[{"id":1652,"href":"http:\/\/nessxpress.de\/index.php\/wp-json\/wp\/v2\/pages\/62\/revisions\/1652"}],"wp:featuredmedia":[{"embeddable":true,"href":"http:\/\/nessxpress.de\/index.php\/wp-json\/wp\/v2\/media\/606"}],"wp:attachment":[{"href":"http:\/\/nessxpress.de\/index.php\/wp-json\/wp\/v2\/media?parent=62"}],"curies":[{"name":"wp","href":"https:\/\/api.w.org\/{rel}","templated":true}]}}